{"id":2,"date":"2009-07-20T22:49:37","date_gmt":"2009-07-20T20:49:37","guid":{"rendered":"http:\/\/j-mad.com\/?page_id=2"},"modified":"2010-01-24T19:02:37","modified_gmt":"2010-01-24T18:02:37","slug":"about","status":"publish","type":"page","link":"https:\/\/j-mad.com\/blog\/about\/","title":{"rendered":"About"},"content":{"rendered":"<p>Je n&#8217;ai jamais aim\u00e9 les pages About. C&#8217;est comme les premiers mails lorsque l&#8217;on s&#8217;inscrit sur une mailing list ou les posts de pr\u00e9sentation sur un nouveau forum. Je ne sais jamais quoi vraiment \u00e9crire, comment l&#8217;\u00e9crire et au final \u00e7a m&#8217;\u00e9nerve.<\/p>\n<p>Et puis autant, je comprends le pourquoi du comment pour mailing list ou forum, autant pour un blog&#8230;\u00a0 A quoi cela sert de dire de quoi va parler ce blog et qui on est, vu qu&#8217;apr\u00e8s tout, il suffit de lire les billets pour le savoir.<\/p>\n<p>Si l&#8217;on a pas le temps de lire les billets ? Si on a pas le temps de lire les billets, lire la page About sert encore plus \u00e0 rien. A part savoir de quoi vont parler des billets que vous ne lirez jamais et qui est celui (ou celle) qui les \u00e9crit. Comme \u00e7a, pendant les nuits d&#8217;insomnies, vous pourrez vous dire (mince alors, je n&#8217;ai pas lu ce blog, j&#8217;aurais pu apprendre plein de choses sur tel ou tel sujet&#8230;).<\/p>\n<p>Mais bon, malheureusement pour moi, mes stats me murmurent de plus en plus fort, que de temps en temps, certains lecteurs viennent voir sur la page About de cet espace (celle que vous \u00eates en train de lire) ce qu&#8217;il s&#8217;y passe. Il \u00e9tait donc devenu de plus en plus difficile pour moi de faire comme si cette page About n&#8217;existait pas, comme si elle n&#8217;avait pas d&#8217;importance.<\/p>\n<p>Donc, j&#8217;ai d\u00e9cid\u00e9 de la remplir. Ce que je suis en train de faire (et que j&#8217;aurais fini de faire quand vous serez vous en train de lire cela).<\/p>\n<h2>De quoi parle ce site ?<\/h2>\n<p>Ce qui est s\u00fbr, c&#8217;est que mes billets n&#8217;auront pas pour sujet :<\/p>\n<ul>\n<li>le dernier film que j&#8217;ai vu (ou alors \u00e7a sera exceptionnel),<\/li>\n<li>mes derni\u00e8res vacances (de toute fa\u00e7on, je bosse en vacances),<\/li>\n<li>ma petite vie d&#8217;informaticien,<\/li>\n<li>tous les trucs que je trouve inint\u00e9ressants.<\/li>\n<\/ul>\n<p>Vous en d\u00e9duirez donc que tout ce qui ne rentre pas dans la liste pr\u00e9c\u00e9dente peut devenir le sujet d&#8217;un de mes billets. Et vous avez raison.<\/p>\n<p>Toutefois il faut bien avouer que parmi tous ces sujets possibles vous aurez plus de chance de lire des billets sur :<\/p>\n<ul>\n<li>la cr\u00e9ation d&#8217;entreprise,<\/li>\n<li>la gestion d&#8217;une jeune entreprise,<\/li>\n<li>le d\u00e9veloppement Python,<\/li>\n<li>Django,<\/li>\n<li>tout ce qui tourne autour d&#8217;XMPP,<\/li>\n<li>tout ce qui tourne autour des jeux vid\u00e9os.<\/li>\n<\/ul>\n<h2>Qui est donc l&#8217;auteur des billets ?<\/h2>\n<p>Ben moi, voyons. Non, je n&#8217;ai pas encore de petites mains qui r\u00e9digent mes billets \u00e0 ma place. Un jour peut-\u00eatre qui sait. Donc oui, tous mes billets sont certifi\u00e9s 100% moi.<\/p>\n<p>Et moi, eh ben je suis juste un informaticien qui, il y a quelques ann\u00e9es, juste \u00e0 sa sortie d&#8217;\u00e9cole d&#8217;ing\u00e9, a d\u00e9cid\u00e9 avec trois autres potes de monter une boite d&#8217;info qui ferait du libre. Depuis, on fait notre petit bonhomme de chemin, tranquillement et s\u00fbrement.<\/p>\n<h2>Et t&#8217;\u00e9crire, on peut ?<\/h2>\n<p>Si \u00e7a vous dit, pourquoi pas. Comme il n&#8217;y a pas de formulaire de contact sur ce petit blog, il suffit de m&#8217;\u00e9crire un mail \u00e0 j-mad @ j-mad . com (n&#8217;oubliez pas d&#8217;enlever les espaces).<\/p>\n","protected":false},"excerpt":{"rendered":"<p>Je n&#8217;ai jamais aim\u00e9 les pages About. C&#8217;est comme les premiers mails lorsque l&#8217;on s&#8217;inscrit sur une mailing list ou les posts de pr\u00e9sentation sur un nouveau forum. Je ne sais jamais quoi vraiment \u00e9crire, comment l&#8217;\u00e9crire et au final \u00e7a m&#8217;\u00e9nerve. Et puis autant, je comprends le pourquoi du comment pour mailing list ou &hellip; <a href=\"https:\/\/j-mad.com\/blog\/about\/\" class=\"more-link\">Continue reading <span class=\"screen-reader-text\">About<\/span><\/a><\/p>\n","protected":false},"author":2,"featured_media":0,"parent":0,"menu_order":0,"comment_status":"open","ping_status":"open","template":"","meta":{"jetpack_post_was_ever_published":false,"footnotes":""},"class_list":["post-2","page","type-page","status-publish","hentry"],"aioseo_notices":[],"jetpack_shortlink":"https:\/\/wp.me\/P12cdp-2","jetpack_sharing_enabled":true,"_links":{"self":[{"href":"https:\/\/j-mad.com\/blog\/wp-json\/wp\/v2\/pages\/2","targetHints":{"allow":["GET"]}}],"collection":[{"href":"https:\/\/j-mad.com\/blog\/wp-json\/wp\/v2\/pages"}],"about":[{"href":"https:\/\/j-mad.com\/blog\/wp-json\/wp\/v2\/types\/page"}],"author":[{"embeddable":true,"href":"https:\/\/j-mad.com\/blog\/wp-json\/wp\/v2\/users\/2"}],"replies":[{"embeddable":true,"href":"https:\/\/j-mad.com\/blog\/wp-json\/wp\/v2\/comments?post=2"}],"version-history":[{"count":4,"href":"https:\/\/j-mad.com\/blog\/wp-json\/wp\/v2\/pages\/2\/revisions"}],"predecessor-version":[{"id":234,"href":"https:\/\/j-mad.com\/blog\/wp-json\/wp\/v2\/pages\/2\/revisions\/234"}],"wp:attachment":[{"href":"https:\/\/j-mad.com\/blog\/wp-json\/wp\/v2\/media?parent=2"}],"curies":[{"name":"wp","href":"https:\/\/api.w.org\/{rel}","templated":true}]}}